{"id":2817,"date":"2025-02-20T19:12:41","date_gmt":"2025-02-20T19:12:41","guid":{"rendered":"https:\/\/www.greenseeblickhotel.com\/?page_id=2817"},"modified":"2026-02-10T18:27:45","modified_gmt":"2026-02-10T18:27:45","slug":"impressum-greenseeblick-hotel-am-see-obermaubach-eifel-region","status":"publish","type":"page","link":"https:\/\/www.greenseeblickhotel.com\/?page_id=2817","title":{"rendered":"Impressum \u2013 Seeblick Hotel am See Obermaubach"},"content":{"rendered":"\n<h3 class=\"wp-block-heading\">\ud83d\udccd <strong>Adresse:<\/strong> Seeblick Hotel Obermaubach<br><a href=\"http:\/\/google.com\/maps?rlz=1C5CHFA_enDE1084DE1088&amp;gs_lcrp=EgZjaHJvbWUqBggBEEUYOzIGCAAQRRg5MgYIARBFGDsyBggCEEUYOzIGCAMQRRg7MgYIBBBFGEEyBggFEEUYPDIGCAYQRRhBMgYIBxBFGD3SAQk0OTI5ajBqMTWoAgiwAgE&amp;um=1&amp;ie=UTF-8&amp;fb=1&amp;gl=de&amp;sa=X&amp;geocode=Kfc_nyFzb79HMUhA-OmlPmn4&amp;daddr=Seestra\u00dfe+12,+52372+Kreuzau\"> Seestra\u00dfe 12, 52372 Kreuzau, Deutschland<\/a><\/h3>\n\n\n\n<p>\ud83d\udcde <strong>Telefon:<\/strong> [<a href=\"Tel:024228051\">024228051<\/a>]<br>\ud83d\udce7 <strong>E-Mail:<\/strong> [<a href=\"info@greenseeblickhotel.com\">info@greenseeblickhotel.com<\/a>]<br>\ud83c\udf10 <strong>Webseite:<\/strong> [<a href=\"https:\/\/www.greenseeblickhotel.com\/\">www.greenseeblickhotel.com<\/a>]<\/p>\n\n\n\n<p><strong>&nbsp;Hotelmanager:<\/strong> Akdogan Talat<\/p>\n\n\n\n<p>\ud83c\udd94 <strong>Steuernummer <\/strong><br>207\/5001\/4246<\/p>\n\n\n\n<p>\ud83d\udccc <strong>Umsatzsteuer-Identifikationsnummer (USt-IdNr.):<\/strong>DE449576566<\/p>\n\n\n\n<p>\ud83d\udccc <strong>Aufsichtsbeh\u00f6rde: Finanzamt D\u00fcren<\/strong><br><\/p>\n\n\n\n<p>\ud83d\udccc <strong>Haftungsausschluss :<\/strong><br>Diese Website wurde mit gr\u00f6\u00dfter Sorgfalt erstellt. F\u00fcr die Richtigkeit, Vollst\u00e4ndigkeit und Aktualit\u00e4t der Inhalte kann jedoch keine Gew\u00e4hr \u00fcbernommen werden.<\/p>\n\n\n\n<p class=\"has-accent-background-color has-background\"><\/p>\n\n\n\n<div id=\"reseliva-widget\"><a href=\"https:\/\/www.reseliva.com\/\" class=\"powered_by\">Reseliva Reservierungssystem &#038; Channel Manager<\/a><\/div>\n<script>\n(function(d, s, id){var js, fjs = d.getElementsByTagName(s)[0];if (d.getElementById(id)) {return;}js = d.createElement(s); js.id = id;js.src = \"https:\/\/www.reseliva.com\/ReselivaWidget\/JS\/rw_script.js?170125\";fjs.parentNode.insertBefore(js, fjs);}(document, 'script', 'reseliva_widget'));\nlet RW = {\"type\":\"box\",\n\"hotelUrl\":[\"Seeblick-Hotel-Ferienwohnungen-Obermaubach\"],\n\"lang\":\"de\",\n\"maxWidth\": 270,\n\"title\" : true};\n<\/script>\n\n\n\n<p><\/p>\n","protected":false},"excerpt":{"rendered":"<p>\ud83d\udccd Adresse: Seeblick Hotel Obermaubach Seestra\u00dfe 12, 52372 Kreuzau, Deutschland \ud83d\udcde Telefon: [024228051]\ud83d\udce7 E-Mail: [info@greenseeblickhotel.com]\ud83c\udf10 Webseite: [www.greenseeblickhotel.com] &nbsp;Hotelmanager: Akdogan Talat \ud83c\udd94 Steuernummer 207\/5001\/4246 \ud83d\udccc Umsatzsteuer-Identifikationsnummer (USt-IdNr.):DE449576566 \ud83d\udccc Aufsichtsbeh\u00f6rde: Finanzamt D\u00fcren \ud83d\udccc Haftungsausschluss :Diese Website wurde mit gr\u00f6\u00dfter Sorgfalt erstellt. F\u00fcr die Richtigkeit, Vollst\u00e4ndigkeit und Aktualit\u00e4t der Inhalte kann jedoch keine Gew\u00e4hr \u00fcbernommen werden. Reseliva Reservierungssystem&hellip;<\/p>\n","protected":false},"author":1,"featured_media":0,"parent":0,"menu_order":0,"comment_status":"closed","ping_status":"closed","template":"","meta":{"footnotes":""},"class_list":["post-2817","page","type-page","status-publish","hentry","description-off"],"yoast_head":"<!-- This site is optimized with the Yoast SEO plugin v24.7 - https:\/\/yoast.com\/wordpress\/plugins\/seo\/ -->\n<title>Impressum \u2013 Seeblick Hotel am See Obermaubach - Greenseeblick Hotel am see Obermaubach<\/title>\n<meta name=\"description\" content=\"Offizielle Impressum-Seite des Greenseeblick Hotel am See Obermaubach. Hotelmanager von Akdogan Talat Alle rechtlichen Informationen zum Hotel in der Eifel Region\" \/>\n<meta name=\"robots\" content=\"index, follow, max-snippet:-1, max-image-preview:large, max-video-preview:-1\" \/>\n<link rel=\"canonical\" href=\"https:\/\/www.greenseeblickhotel.com\/?page_id=2817\" \/>\n<meta property=\"og:locale\" content=\"tr_TR\" \/>\n<meta property=\"og:type\" content=\"article\" \/>\n<meta property=\"og:title\" content=\"Impressum \u2013 Seeblick Hotel am See Obermaubach - Greenseeblick Hotel am see Obermaubach\" \/>\n<meta property=\"og:description\" content=\"Offizielle Impressum-Seite des Greenseeblick Hotel am See Obermaubach. Hotelmanager von Akdogan Talat Alle rechtlichen Informationen zum Hotel in der Eifel Region\" \/>\n<meta property=\"og:url\" content=\"https:\/\/www.greenseeblickhotel.com\/?page_id=2817\" \/>\n<meta property=\"og:site_name\" content=\"Greenseeblick Hotel am see Obermaubach\" \/>\n<meta property=\"article:publisher\" content=\"https:\/\/www.facebook.com\/greenseeblickhotelandhostel\" \/>\n<meta property=\"article:modified_time\" content=\"2026-02-10T18:27:45+00:00\" \/>\n<meta name=\"twitter:card\" content=\"summary_large_image\" \/>\n<meta name=\"twitter:label1\" content=\"Tahmini okuma s\u00fcresi\" \/>\n\t<meta name=\"twitter:data1\" content=\"1 dakika\" \/>\n<script type=\"application\/ld+json\" class=\"yoast-schema-graph\">{\"@context\":\"https:\/\/schema.org\",\"@graph\":[{\"@type\":\"WebPage\",\"@id\":\"https:\/\/www.greenseeblickhotel.com\/?page_id=2817\",\"url\":\"https:\/\/www.greenseeblickhotel.com\/?page_id=2817\",\"name\":\"Impressum \u2013 Seeblick Hotel am See Obermaubach - Greenseeblick Hotel am see Obermaubach\",\"isPartOf\":{\"@id\":\"https:\/\/www.greenseeblickhotel.com\/#website\"},\"datePublished\":\"2025-02-20T19:12:41+00:00\",\"dateModified\":\"2026-02-10T18:27:45+00:00\",\"description\":\"Offizielle Impressum-Seite des Greenseeblick Hotel am See Obermaubach. Hotelmanager von Akdogan Talat Alle rechtlichen Informationen zum Hotel in der Eifel Region\",\"breadcrumb\":{\"@id\":\"https:\/\/www.greenseeblickhotel.com\/?page_id=2817#breadcrumb\"},\"inLanguage\":\"tr\",\"potentialAction\":[{\"@type\":\"ReadAction\",\"target\":[\"https:\/\/www.greenseeblickhotel.com\/?page_id=2817\"]}]},{\"@type\":\"BreadcrumbList\",\"@id\":\"https:\/\/www.greenseeblickhotel.com\/?page_id=2817#breadcrumb\",\"itemListElement\":[{\"@type\":\"ListItem\",\"position\":1,\"name\":\"Home\",\"item\":\"https:\/\/www.greenseeblickhotel.com\/\"},{\"@type\":\"ListItem\",\"position\":2,\"name\":\"Impressum \u2013 Seeblick Hotel am See Obermaubach\"}]},{\"@type\":\"WebSite\",\"@id\":\"https:\/\/www.greenseeblickhotel.com\/#website\",\"url\":\"https:\/\/www.greenseeblickhotel.com\/\",\"name\":\"Greenseeblick Hotel am see Obermaubach\",\"description\":\"My house your house Green House\",\"publisher\":{\"@id\":\"https:\/\/www.greenseeblickhotel.com\/#organization\"},\"potentialAction\":[{\"@type\":\"SearchAction\",\"target\":{\"@type\":\"EntryPoint\",\"urlTemplate\":\"https:\/\/www.greenseeblickhotel.com\/?s={search_term_string}\"},\"query-input\":{\"@type\":\"PropertyValueSpecification\",\"valueRequired\":true,\"valueName\":\"search_term_string\"}}],\"inLanguage\":\"tr\"},{\"@type\":\"Organization\",\"@id\":\"https:\/\/www.greenseeblickhotel.com\/#organization\",\"name\":\"Greenseeblick Hotel am see Obermaubach\",\"url\":\"https:\/\/www.greenseeblickhotel.com\/\",\"logo\":{\"@type\":\"ImageObject\",\"inLanguage\":\"tr\",\"@id\":\"https:\/\/www.greenseeblickhotel.com\/#\/schema\/logo\/image\/\",\"url\":\"https:\/\/www.greenseeblickhotel.com\/wp-content\/uploads\/2023\/03\/gsbh_logox2.png\",\"contentUrl\":\"https:\/\/www.greenseeblickhotel.com\/wp-content\/uploads\/2023\/03\/gsbh_logox2.png\",\"width\":360,\"height\":156,\"caption\":\"Greenseeblick Hotel am see Obermaubach\"},\"image\":{\"@id\":\"https:\/\/www.greenseeblickhotel.com\/#\/schema\/logo\/image\/\"},\"sameAs\":[\"https:\/\/www.facebook.com\/greenseeblickhotelandhostel\"]}]}<\/script>\n<!-- \/ Yoast SEO plugin. -->","yoast_head_json":{"title":"Impressum \u2013 Seeblick Hotel am See Obermaubach - Greenseeblick Hotel am see Obermaubach","description":"Offizielle Impressum-Seite des Greenseeblick Hotel am See Obermaubach. Hotelmanager von Akdogan Talat Alle rechtlichen Informationen zum Hotel in der Eifel Region","robots":{"index":"index","follow":"follow","max-snippet":"max-snippet:-1","max-image-preview":"max-image-preview:large","max-video-preview":"max-video-preview:-1"},"canonical":"https:\/\/www.greenseeblickhotel.com\/?page_id=2817","og_locale":"tr_TR","og_type":"article","og_title":"Impressum \u2013 Seeblick Hotel am See Obermaubach - Greenseeblick Hotel am see Obermaubach","og_description":"Offizielle Impressum-Seite des Greenseeblick Hotel am See Obermaubach. Hotelmanager von Akdogan Talat Alle rechtlichen Informationen zum Hotel in der Eifel Region","og_url":"https:\/\/www.greenseeblickhotel.com\/?page_id=2817","og_site_name":"Greenseeblick Hotel am see Obermaubach","article_publisher":"https:\/\/www.facebook.com\/greenseeblickhotelandhostel","article_modified_time":"2026-02-10T18:27:45+00:00","twitter_card":"summary_large_image","twitter_misc":{"Tahmini okuma s\u00fcresi":"1 dakika"},"schema":{"@context":"https:\/\/schema.org","@graph":[{"@type":"WebPage","@id":"https:\/\/www.greenseeblickhotel.com\/?page_id=2817","url":"https:\/\/www.greenseeblickhotel.com\/?page_id=2817","name":"Impressum \u2013 Seeblick Hotel am See Obermaubach - Greenseeblick Hotel am see Obermaubach","isPartOf":{"@id":"https:\/\/www.greenseeblickhotel.com\/#website"},"datePublished":"2025-02-20T19:12:41+00:00","dateModified":"2026-02-10T18:27:45+00:00","description":"Offizielle Impressum-Seite des Greenseeblick Hotel am See Obermaubach. Hotelmanager von Akdogan Talat Alle rechtlichen Informationen zum Hotel in der Eifel Region","breadcrumb":{"@id":"https:\/\/www.greenseeblickhotel.com\/?page_id=2817#breadcrumb"},"inLanguage":"tr","potentialAction":[{"@type":"ReadAction","target":["https:\/\/www.greenseeblickhotel.com\/?page_id=2817"]}]},{"@type":"BreadcrumbList","@id":"https:\/\/www.greenseeblickhotel.com\/?page_id=2817#breadcrumb","itemListElement":[{"@type":"ListItem","position":1,"name":"Home","item":"https:\/\/www.greenseeblickhotel.com\/"},{"@type":"ListItem","position":2,"name":"Impressum \u2013 Seeblick Hotel am See Obermaubach"}]},{"@type":"WebSite","@id":"https:\/\/www.greenseeblickhotel.com\/#website","url":"https:\/\/www.greenseeblickhotel.com\/","name":"Greenseeblick Hotel am see Obermaubach","description":"My house your house Green House","publisher":{"@id":"https:\/\/www.greenseeblickhotel.com\/#organization"},"potentialAction":[{"@type":"SearchAction","target":{"@type":"EntryPoint","urlTemplate":"https:\/\/www.greenseeblickhotel.com\/?s={search_term_string}"},"query-input":{"@type":"PropertyValueSpecification","valueRequired":true,"valueName":"search_term_string"}}],"inLanguage":"tr"},{"@type":"Organization","@id":"https:\/\/www.greenseeblickhotel.com\/#organization","name":"Greenseeblick Hotel am see Obermaubach","url":"https:\/\/www.greenseeblickhotel.com\/","logo":{"@type":"ImageObject","inLanguage":"tr","@id":"https:\/\/www.greenseeblickhotel.com\/#\/schema\/logo\/image\/","url":"https:\/\/www.greenseeblickhotel.com\/wp-content\/uploads\/2023\/03\/gsbh_logox2.png","contentUrl":"https:\/\/www.greenseeblickhotel.com\/wp-content\/uploads\/2023\/03\/gsbh_logox2.png","width":360,"height":156,"caption":"Greenseeblick Hotel am see Obermaubach"},"image":{"@id":"https:\/\/www.greenseeblickhotel.com\/#\/schema\/logo\/image\/"},"sameAs":["https:\/\/www.facebook.com\/greenseeblickhotelandhostel"]}]}},"_links":{"self":[{"href":"https:\/\/www.greenseeblickhotel.com\/index.php?rest_route=\/wp\/v2\/pages\/2817","targetHints":{"allow":["GET"]}}],"collection":[{"href":"https:\/\/www.greenseeblickhotel.com\/index.php?rest_route=\/wp\/v2\/pages"}],"about":[{"href":"https:\/\/www.greenseeblickhotel.com\/index.php?rest_route=\/wp\/v2\/types\/page"}],"author":[{"embeddable":true,"href":"https:\/\/www.greenseeblickhotel.com\/index.php?rest_route=\/wp\/v2\/users\/1"}],"replies":[{"embeddable":true,"href":"https:\/\/www.greenseeblickhotel.com\/index.php?rest_route=%2Fwp%2Fv2%2Fcomments&post=2817"}],"version-history":[{"count":7,"href":"https:\/\/www.greenseeblickhotel.com\/index.php?rest_route=\/wp\/v2\/pages\/2817\/revisions"}],"predecessor-version":[{"id":3315,"href":"https:\/\/www.greenseeblickhotel.com\/index.php?rest_route=\/wp\/v2\/pages\/2817\/revisions\/3315"}],"wp:attachment":[{"href":"https:\/\/www.greenseeblickhotel.com\/index.php?rest_route=%2Fwp%2Fv2%2Fmedia&parent=2817"}],"curies":[{"name":"wp","href":"https:\/\/api.w.org\/{rel}","templated":true}]}}