{"id":2923,"date":"2025-03-06T21:19:50","date_gmt":"2025-03-06T21:19:50","guid":{"rendered":"https:\/\/www.greenseeblickhotel.com\/?page_id=2923"},"modified":"2026-02-24T14:41:47","modified_gmt":"2026-02-24T14:41:47","slug":"tagungsraum-kreuzau-obermaubach","status":"publish","type":"page","link":"https:\/\/www.greenseeblickhotel.com\/","title":{"rendered":"Willkommen im  Seeblick Hotel am Stausee"},"content":{"rendered":"<div class=\"wpb-content-wrapper\"><p>[vc_row][vc_column][vc_column_text css=&#8221;&#8221;]<\/p>\r\n<div style=\"border-left: 5px solid #25d366; padding: 15px; background: #f9f9f9; margin-bottom: 25px;\"><strong>Willkommen im Green Seeblick Hotel \u2013 Ihre Auszeit am Stausee Obermaubach<\/strong><\/div>\r\n<p>Genie\u00dfen Sie Ruhe und Erholung direkt am Ufer. Ob Business-Event oder Natururlaub, unser Haus bietet den perfekten Rahmen im Herzen der Eifel.<\/p>\r\n<h3 style=\"color: #333;\">Warum das Green Seeblick Hotel?<\/h3>\r\n<ul style=\"list-style: none; padding-left: 0;\">\r\n<li>\u2705 <strong>Zimmer mit Seeblick:<\/strong> Wachen Sie mit einem atemberaubenden Ausblick auf.<\/li>\r\n<li>\u2705 <strong>Tagungen &amp; Events:<\/strong> Professioneller Konferenzraum f\u00fcr Ihr Team.<\/li>\r\n<li>\u2705 <strong>Wellness &amp; Spa:<\/strong> Das Monte Mare Spa ist nur 5,2 km entfernt.<\/li>\r\n<li>\u2705 <strong>Abenteuer &amp; Natur:<\/strong> Wandern, Paragliding direkt vor der T\u00fcr.<\/li>\r\n<\/ul>\r\n<p style=\"margin: 20px 0;\">\ud83d\udccd <strong>Adresse:<\/strong> <a href=\"http:\/\/Seestra\u00dfe 12, 52372 Kreuzau, Deutschland\">Seestra\u00dfe 12, 52372 Kreuzau, Deutschland<\/a><br \/>\ud83d\udcde <strong>Reservierung:<\/strong> <a style=\"color: #000; text-decoration: none;\" href=\"tel:+4924228051\">+49 2422 8051<\/a> | <a style=\"color: #000; text-decoration: none;\" href=\"tel:+491788030602\">+49 178 803 0602<\/a><\/p>\r\n<p style=\"color: #888; font-size: 12px; margin-top: 30px;\"><!-- RESELIVA ENGINE KODU --><\/p>\r\n<h4 style=\"border-top: 1px solid #eee; padding-top: 20px; margin-top: 25px;\">Jetzt Verf\u00fcgbarkeit pr\u00fcfen &amp; buchen:<\/h4>\r\n<div id=\"reseliva-widget\">\u00a0<\/div>\r\n<p><script type=\"text\/javascript\">\r\n(function(d, s, id){\r\n    var js, fjs = d.getElementsByTagName(s)[0];\r\n    if (d.getElementById(id)) {return;}\r\n    js = d.createElement(s); js.id = id;\r\n    js.src = \"https:\/\/www.reseliva.com\";\r\n    fjs.parentNode.insertBefore(js, fjs);\r\n}(document, 'script', 'reseliva_widget'));\r\n\r\nvar RW = {\r\n    \"type\":\"box\",\r\n    \"hotelUrl\":[\"Seeblick-Hotel-Ferienwohnungen-Obermaubach\"],\r\n    \"lang\":\"de\",\r\n    \"maxWidth\": 270,\r\n    \"title\" : false\r\n};\r\n<\/script><\/p>\r\n<p><img loading=\"lazy\" decoding=\"async\" class=\"size-full wp-image-3381\" src=\"https:\/\/www.greenseeblickhotel.com\/wp-content\/uploads\/2026\/02\/Tagungsraum-seeblick-hotel-green-obermaubach-1.webp\" alt=\"Tagungsraum im Green Seeblick Hotel Obermaubach f\u00fcr Seminare und Firmen-Events\" width=\"1920\" height=\"1281\" srcset=\"https:\/\/www.greenseeblickhotel.com\/wp-content\/uploads\/2026\/02\/Tagungsraum-seeblick-hotel-green-obermaubach-1.webp 1920w, https:\/\/www.greenseeblickhotel.com\/wp-content\/uploads\/2026\/02\/Tagungsraum-seeblick-hotel-green-obermaubach-1-300x200.webp 300w, https:\/\/www.greenseeblickhotel.com\/wp-content\/uploads\/2026\/02\/Tagungsraum-seeblick-hotel-green-obermaubach-1-1024x683.webp 1024w, https:\/\/www.greenseeblickhotel.com\/wp-content\/uploads\/2026\/02\/Tagungsraum-seeblick-hotel-green-obermaubach-1-768x512.webp 768w, https:\/\/www.greenseeblickhotel.com\/wp-content\/uploads\/2026\/02\/Tagungsraum-seeblick-hotel-green-obermaubach-1-1536x1025.webp 1536w, https:\/\/www.greenseeblickhotel.com\/wp-content\/uploads\/2026\/02\/Tagungsraum-seeblick-hotel-green-obermaubach-1-600x400.webp 600w\" sizes=\"auto, (max-width: 1920px) 100vw, 1920px\" \/>Tagungen in entspannter Atmosph\u00e4re direkt am Stausee Obermaubach<\/p>\r\n<p>Green Seeblick Hotel am Stausee<\/p>\r\n<p>&nbsp;<\/p>\r\n<div id=\"reseliva-widget\"><a class=\"powered_by\" href=\"https:\/\/www.reseliva.com\/\">Reseliva Reservierungssystem &amp; Channel Manager<\/a><\/div>\r\n<p><script>\r\n(function(d, s, id){var js, fjs = d.getElementsByTagName(s)[0];if (d.getElementById(id)) {return;}js = d.createElement(s); js.id = id;js.src = \"https:\/\/www.reseliva.com\/ReselivaWidget\/JS\/rw_script.js?170125\";fjs.parentNode.insertBefore(js, fjs);}(document, 'script', 'reseliva_widget'));\r\nlet RW = {\"type\":\"box\",\r\n\"hotelUrl\":[\"Seeblick-Hotel-Ferienwohnungen-Obermaubach\"],\r\n\"lang\":\"de\",\r\n\"maxWidth\": 270,\r\n\"title\" : true};\r\n<\/script><\/p>\r\n<p>[\/vc_column_text][\/vc_column][\/vc_row]<\/p><\/div>","protected":false},"excerpt":{"rendered":"<p>[vc_row][vc_column][vc_column_text css=&#8221;&#8221;] Willkommen im Green Seeblick Hotel \u2013 Ihre Auszeit am Stausee Obermaubach Genie\u00dfen Sie Ruhe und Erholung direkt am Ufer. Ob Business-Event oder Natururlaub, unser Haus bietet den perfekten Rahmen im Herzen der Eifel. Warum das Green Seeblick Hotel? \u2705 Zimmer mit Seeblick: Wachen Sie mit einem atemberaubenden Ausblick auf. \u2705 Tagungen &amp; Events:&hellip;<\/p>\n","protected":false},"author":1,"featured_media":0,"parent":0,"menu_order":0,"comment_status":"closed","ping_status":"closed","template":"","meta":{"footnotes":""},"class_list":["post-2923","page","type-page","status-publish","hentry","description-off"],"yoast_head":"<!-- This site is optimized with the Yoast SEO plugin v24.7 - https:\/\/yoast.com\/wordpress\/plugins\/seo\/ -->\n<title>Willkommen im Seeblick Hotel am Stausee - Greenseeblick Hotel am see Obermaubach<\/title>\n<meta name=\"description\" content=\"\u201eWillkommen im Green Seeblick Hotel! Unser Hotel am See bietet Ihnen eine perfekte Kombination aus Natur, Komfort und Abenteuer. Genie\u00dfen Sie eine entspannte Atmosph\u00e4re und entdecken Sie die Sch\u00f6nheit von Kreuzau.\u201c\" \/>\n<meta name=\"robots\" content=\"index, follow, max-snippet:-1, max-image-preview:large, max-video-preview:-1\" \/>\n<link rel=\"canonical\" href=\"https:\/\/www.greenseeblickhotel.com\/\" \/>\n<meta property=\"og:locale\" content=\"tr_TR\" \/>\n<meta property=\"og:type\" content=\"article\" \/>\n<meta property=\"og:title\" content=\"Willkommen im Seeblick Hotel am Stausee - Greenseeblick Hotel am see Obermaubach\" \/>\n<meta property=\"og:description\" content=\"\u201eWillkommen im Green Seeblick Hotel! Unser Hotel am See bietet Ihnen eine perfekte Kombination aus Natur, Komfort und Abenteuer. Genie\u00dfen Sie eine entspannte Atmosph\u00e4re und entdecken Sie die Sch\u00f6nheit von Kreuzau.\u201c\" \/>\n<meta property=\"og:url\" content=\"https:\/\/www.greenseeblickhotel.com\/\" \/>\n<meta property=\"og:site_name\" content=\"Greenseeblick Hotel am see Obermaubach\" \/>\n<meta property=\"article:publisher\" content=\"https:\/\/www.facebook.com\/greenseeblickhotelandhostel\" \/>\n<meta property=\"article:modified_time\" content=\"2026-02-24T14:41:47+00:00\" \/>\n<meta property=\"og:image\" content=\"https:\/\/www.greenseeblickhotel.com\/wp-content\/uploads\/2026\/02\/Tagungsraum-seeblick-hotel-green-obermaubach-1.webp\" \/>\n\t<meta property=\"og:image:width\" content=\"1920\" \/>\n\t<meta property=\"og:image:height\" content=\"1281\" \/>\n\t<meta property=\"og:image:type\" content=\"image\/webp\" \/>\n<meta name=\"twitter:card\" content=\"summary_large_image\" \/>\n<meta name=\"twitter:label1\" content=\"Tahmini okuma s\u00fcresi\" \/>\n\t<meta name=\"twitter:data1\" content=\"1 dakika\" \/>\n<script type=\"application\/ld+json\" class=\"yoast-schema-graph\">{\"@context\":\"https:\/\/schema.org\",\"@graph\":[{\"@type\":\"WebPage\",\"@id\":\"https:\/\/www.greenseeblickhotel.com\/\",\"url\":\"https:\/\/www.greenseeblickhotel.com\/\",\"name\":\"Willkommen im Seeblick Hotel am Stausee - Greenseeblick Hotel am see Obermaubach\",\"isPartOf\":{\"@id\":\"https:\/\/www.greenseeblickhotel.com\/#website\"},\"primaryImageOfPage\":{\"@id\":\"https:\/\/www.greenseeblickhotel.com\/#primaryimage\"},\"image\":{\"@id\":\"https:\/\/www.greenseeblickhotel.com\/#primaryimage\"},\"thumbnailUrl\":\"https:\/\/www.greenseeblickhotel.com\/wp-content\/uploads\/2026\/02\/Tagungsraum-seeblick-hotel-green-obermaubach-1.webp\",\"datePublished\":\"2025-03-06T21:19:50+00:00\",\"dateModified\":\"2026-02-24T14:41:47+00:00\",\"description\":\"\u201eWillkommen im Green Seeblick Hotel! Unser Hotel am See bietet Ihnen eine perfekte Kombination aus Natur, Komfort und Abenteuer. Genie\u00dfen Sie eine entspannte Atmosph\u00e4re und entdecken Sie die Sch\u00f6nheit von Kreuzau.\u201c\",\"breadcrumb\":{\"@id\":\"https:\/\/www.greenseeblickhotel.com\/#breadcrumb\"},\"inLanguage\":\"tr\",\"potentialAction\":[{\"@type\":\"ReadAction\",\"target\":[\"https:\/\/www.greenseeblickhotel.com\/\"]}]},{\"@type\":\"ImageObject\",\"inLanguage\":\"tr\",\"@id\":\"https:\/\/www.greenseeblickhotel.com\/#primaryimage\",\"url\":\"https:\/\/www.greenseeblickhotel.com\/wp-content\/uploads\/2026\/02\/Tagungsraum-seeblick-hotel-green-obermaubach-1.webp\",\"contentUrl\":\"https:\/\/www.greenseeblickhotel.com\/wp-content\/uploads\/2026\/02\/Tagungsraum-seeblick-hotel-green-obermaubach-1.webp\",\"width\":1920,\"height\":1281,\"caption\":\"Tagungen in entspannter Atmosph\u00e4re direkt am Stausee Obermaubach.\"},{\"@type\":\"BreadcrumbList\",\"@id\":\"https:\/\/www.greenseeblickhotel.com\/#breadcrumb\",\"itemListElement\":[{\"@type\":\"ListItem\",\"position\":1,\"name\":\"Home\",\"item\":\"https:\/\/www.greenseeblickhotel.com\/\"},{\"@type\":\"ListItem\",\"position\":2,\"name\":\"Willkommen im Seeblick Hotel am Stausee\"}]},{\"@type\":\"WebSite\",\"@id\":\"https:\/\/www.greenseeblickhotel.com\/#website\",\"url\":\"https:\/\/www.greenseeblickhotel.com\/\",\"name\":\"Greenseeblick Hotel am see Obermaubach\",\"description\":\"My house your house Green House\",\"publisher\":{\"@id\":\"https:\/\/www.greenseeblickhotel.com\/#organization\"},\"potentialAction\":[{\"@type\":\"SearchAction\",\"target\":{\"@type\":\"EntryPoint\",\"urlTemplate\":\"https:\/\/www.greenseeblickhotel.com\/?s={search_term_string}\"},\"query-input\":{\"@type\":\"PropertyValueSpecification\",\"valueRequired\":true,\"valueName\":\"search_term_string\"}}],\"inLanguage\":\"tr\"},{\"@type\":\"Organization\",\"@id\":\"https:\/\/www.greenseeblickhotel.com\/#organization\",\"name\":\"Greenseeblick Hotel am see Obermaubach\",\"url\":\"https:\/\/www.greenseeblickhotel.com\/\",\"logo\":{\"@type\":\"ImageObject\",\"inLanguage\":\"tr\",\"@id\":\"https:\/\/www.greenseeblickhotel.com\/#\/schema\/logo\/image\/\",\"url\":\"https:\/\/www.greenseeblickhotel.com\/wp-content\/uploads\/2023\/03\/gsbh_logox2.png\",\"contentUrl\":\"https:\/\/www.greenseeblickhotel.com\/wp-content\/uploads\/2023\/03\/gsbh_logox2.png\",\"width\":360,\"height\":156,\"caption\":\"Greenseeblick Hotel am see Obermaubach\"},\"image\":{\"@id\":\"https:\/\/www.greenseeblickhotel.com\/#\/schema\/logo\/image\/\"},\"sameAs\":[\"https:\/\/www.facebook.com\/greenseeblickhotelandhostel\"]}]}<\/script>\n<!-- \/ Yoast SEO plugin. -->","yoast_head_json":{"title":"Willkommen im Seeblick Hotel am Stausee - Greenseeblick Hotel am see Obermaubach","description":"\u201eWillkommen im Green Seeblick Hotel! Unser Hotel am See bietet Ihnen eine perfekte Kombination aus Natur, Komfort und Abenteuer. Genie\u00dfen Sie eine entspannte Atmosph\u00e4re und entdecken Sie die Sch\u00f6nheit von Kreuzau.\u201c","robots":{"index":"index","follow":"follow","max-snippet":"max-snippet:-1","max-image-preview":"max-image-preview:large","max-video-preview":"max-video-preview:-1"},"canonical":"https:\/\/www.greenseeblickhotel.com\/","og_locale":"tr_TR","og_type":"article","og_title":"Willkommen im Seeblick Hotel am Stausee - Greenseeblick Hotel am see Obermaubach","og_description":"\u201eWillkommen im Green Seeblick Hotel! Unser Hotel am See bietet Ihnen eine perfekte Kombination aus Natur, Komfort und Abenteuer. Genie\u00dfen Sie eine entspannte Atmosph\u00e4re und entdecken Sie die Sch\u00f6nheit von Kreuzau.\u201c","og_url":"https:\/\/www.greenseeblickhotel.com\/","og_site_name":"Greenseeblick Hotel am see Obermaubach","article_publisher":"https:\/\/www.facebook.com\/greenseeblickhotelandhostel","article_modified_time":"2026-02-24T14:41:47+00:00","og_image":[{"width":1920,"height":1281,"url":"https:\/\/www.greenseeblickhotel.com\/wp-content\/uploads\/2026\/02\/Tagungsraum-seeblick-hotel-green-obermaubach-1.webp","type":"image\/webp"}],"twitter_card":"summary_large_image","twitter_misc":{"Tahmini okuma s\u00fcresi":"1 dakika"},"schema":{"@context":"https:\/\/schema.org","@graph":[{"@type":"WebPage","@id":"https:\/\/www.greenseeblickhotel.com\/","url":"https:\/\/www.greenseeblickhotel.com\/","name":"Willkommen im Seeblick Hotel am Stausee - Greenseeblick Hotel am see Obermaubach","isPartOf":{"@id":"https:\/\/www.greenseeblickhotel.com\/#website"},"primaryImageOfPage":{"@id":"https:\/\/www.greenseeblickhotel.com\/#primaryimage"},"image":{"@id":"https:\/\/www.greenseeblickhotel.com\/#primaryimage"},"thumbnailUrl":"https:\/\/www.greenseeblickhotel.com\/wp-content\/uploads\/2026\/02\/Tagungsraum-seeblick-hotel-green-obermaubach-1.webp","datePublished":"2025-03-06T21:19:50+00:00","dateModified":"2026-02-24T14:41:47+00:00","description":"\u201eWillkommen im Green Seeblick Hotel! Unser Hotel am See bietet Ihnen eine perfekte Kombination aus Natur, Komfort und Abenteuer. Genie\u00dfen Sie eine entspannte Atmosph\u00e4re und entdecken Sie die Sch\u00f6nheit von Kreuzau.\u201c","breadcrumb":{"@id":"https:\/\/www.greenseeblickhotel.com\/#breadcrumb"},"inLanguage":"tr","potentialAction":[{"@type":"ReadAction","target":["https:\/\/www.greenseeblickhotel.com\/"]}]},{"@type":"ImageObject","inLanguage":"tr","@id":"https:\/\/www.greenseeblickhotel.com\/#primaryimage","url":"https:\/\/www.greenseeblickhotel.com\/wp-content\/uploads\/2026\/02\/Tagungsraum-seeblick-hotel-green-obermaubach-1.webp","contentUrl":"https:\/\/www.greenseeblickhotel.com\/wp-content\/uploads\/2026\/02\/Tagungsraum-seeblick-hotel-green-obermaubach-1.webp","width":1920,"height":1281,"caption":"Tagungen in entspannter Atmosph\u00e4re direkt am Stausee Obermaubach."},{"@type":"BreadcrumbList","@id":"https:\/\/www.greenseeblickhotel.com\/#breadcrumb","itemListElement":[{"@type":"ListItem","position":1,"name":"Home","item":"https:\/\/www.greenseeblickhotel.com\/"},{"@type":"ListItem","position":2,"name":"Willkommen im Seeblick Hotel am Stausee"}]},{"@type":"WebSite","@id":"https:\/\/www.greenseeblickhotel.com\/#website","url":"https:\/\/www.greenseeblickhotel.com\/","name":"Greenseeblick Hotel am see Obermaubach","description":"My house your house Green House","publisher":{"@id":"https:\/\/www.greenseeblickhotel.com\/#organization"},"potentialAction":[{"@type":"SearchAction","target":{"@type":"EntryPoint","urlTemplate":"https:\/\/www.greenseeblickhotel.com\/?s={search_term_string}"},"query-input":{"@type":"PropertyValueSpecification","valueRequired":true,"valueName":"search_term_string"}}],"inLanguage":"tr"},{"@type":"Organization","@id":"https:\/\/www.greenseeblickhotel.com\/#organization","name":"Greenseeblick Hotel am see Obermaubach","url":"https:\/\/www.greenseeblickhotel.com\/","logo":{"@type":"ImageObject","inLanguage":"tr","@id":"https:\/\/www.greenseeblickhotel.com\/#\/schema\/logo\/image\/","url":"https:\/\/www.greenseeblickhotel.com\/wp-content\/uploads\/2023\/03\/gsbh_logox2.png","contentUrl":"https:\/\/www.greenseeblickhotel.com\/wp-content\/uploads\/2023\/03\/gsbh_logox2.png","width":360,"height":156,"caption":"Greenseeblick Hotel am see Obermaubach"},"image":{"@id":"https:\/\/www.greenseeblickhotel.com\/#\/schema\/logo\/image\/"},"sameAs":["https:\/\/www.facebook.com\/greenseeblickhotelandhostel"]}]}},"_links":{"self":[{"href":"https:\/\/www.greenseeblickhotel.com\/index.php?rest_route=\/wp\/v2\/pages\/2923","targetHints":{"allow":["GET"]}}],"collection":[{"href":"https:\/\/www.greenseeblickhotel.com\/index.php?rest_route=\/wp\/v2\/pages"}],"about":[{"href":"https:\/\/www.greenseeblickhotel.com\/index.php?rest_route=\/wp\/v2\/types\/page"}],"author":[{"embeddable":true,"href":"https:\/\/www.greenseeblickhotel.com\/index.php?rest_route=\/wp\/v2\/users\/1"}],"replies":[{"embeddable":true,"href":"https:\/\/www.greenseeblickhotel.com\/index.php?rest_route=%2Fwp%2Fv2%2Fcomments&post=2923"}],"version-history":[{"count":49,"href":"https:\/\/www.greenseeblickhotel.com\/index.php?rest_route=\/wp\/v2\/pages\/2923\/revisions"}],"predecessor-version":[{"id":3505,"href":"https:\/\/www.greenseeblickhotel.com\/index.php?rest_route=\/wp\/v2\/pages\/2923\/revisions\/3505"}],"wp:attachment":[{"href":"https:\/\/www.greenseeblickhotel.com\/index.php?rest_route=%2Fwp%2Fv2%2Fmedia&parent=2923"}],"curies":[{"name":"wp","href":"https:\/\/api.w.org\/{rel}","templated":true}]}}